{"id":37,"date":"2024-03-07T16:57:53","date_gmt":"2024-03-07T16:57:53","guid":{"rendered":"https:\/\/jrofutures.com\/formacion\/index.php\/carrito\/"},"modified":"2024-04-01T11:00:18","modified_gmt":"2024-04-01T11:00:18","slug":"carrito","status":"publish","type":"page","link":"http:\/\/jrofutures.com\/formacion\/carrito\/","title":{"rendered":"Carrito"},"content":{"rendered":"<div data-block-name=\"woocommerce\/cart\" class=\"wp-block-woocommerce-cart alignwide is-loading\"><div data-block-name=\"woocommerce\/filled-cart-block\" class=\"wp-block-woocommerce-filled-cart-block\"><div data-block-name=\"woocommerce\/cart-items-block\" class=\"wp-block-woocommerce-cart-items-block\"><div data-block-name=\"woocommerce\/cart-line-items-block\" class=\"wp-block-woocommerce-cart-line-items-block\"><\/div>\n\n<div data-block-name=\"woocommerce\/cart-cross-sells-block\" class=\"wp-block-woocommerce-cart-cross-sells-block\">\n<h2 class=\"wp-block-heading has-large-font-size\">Puede que te interese\u2026<\/h2>\n\n\n<div data-block-name=\"woocommerce\/cart-cross-sells-products-block\" class=\"wp-block-woocommerce-cart-cross-sells-products-block\"><\/div><\/div><\/div>\n\n<div data-block-name=\"woocommerce\/cart-totals-block\" class=\"wp-block-woocommerce-cart-totals-block\"><div data-block-name=\"woocommerce\/cart-order-summary-block\" class=\"wp-block-woocommerce-cart-order-summary-block\"><div data-block-name=\"woocommerce\/cart-order-summary-heading-block\" class=\"wp-block-woocommerce-cart-order-summary-heading-block\"><\/div>\n\n<div data-block-name=\"woocommerce\/cart-order-summary-coupon-form-block\" class=\"wp-block-woocommerce-cart-order-summary-coupon-form-block\"><\/div>\n\n<div data-block-name=\"woocommerce\/cart-order-summary-subtotal-block\" class=\"wp-block-woocommerce-cart-order-summary-subtotal-block\"><\/div>\n\n<div data-block-name=\"woocommerce\/cart-order-summary-fee-block\" class=\"wp-block-woocommerce-cart-order-summary-fee-block\"><\/div>\n\n<div data-block-name=\"woocommerce\/cart-order-summary-discount-block\" class=\"wp-block-woocommerce-cart-order-summary-discount-block\"><\/div>\n\n<div data-block-name=\"woocommerce\/cart-order-summary-shipping-block\" class=\"wp-block-woocommerce-cart-order-summary-shipping-block\"><\/div>\n\n<div data-block-name=\"woocommerce\/cart-order-summary-taxes-block\" class=\"wp-block-woocommerce-cart-order-summary-taxes-block\"><\/div><\/div>\n\n<div data-block-name=\"woocommerce\/cart-express-payment-block\" class=\"wp-block-woocommerce-cart-express-payment-block\"><\/div>\n\n<div data-block-name=\"woocommerce\/proceed-to-checkout-block\" class=\"wp-block-woocommerce-proceed-to-checkout-block\"><\/div>\n\n<div data-block-name=\"woocommerce\/cart-accepted-payment-methods-block\" class=\"wp-block-woocommerce-cart-accepted-payment-methods-block\"><\/div>\n\n\n<hr class=\"wp-block-separator has-alpha-channel-opacity is-style-default\"\/>\n\n\n\n<p class=\"has-text-align-center\"><a href=\"https:\/\/jrofutures.com\/formacion\/\" data-type=\"page\" data-id=\"76\" class=\"btnseguircomprando\">Seguir comprando<\/a><\/p>\n\n\n\n<hr class=\"wp-block-separator has-alpha-channel-opacity\"\/>\n\n\n\n<p class=\"has-text-align-center\"><a class=\"button wecb_emptycart\" href=\"http:\/\/jrofutures.com\/formacion\/carrito\/?empty-cart=clearcart\">Vaciar carrito<\/a><\/p>\n<\/div><\/div>\n\n<div data-block-name=\"woocommerce\/empty-cart-block\" class=\"wp-block-woocommerce-empty-cart-block\">\n<h2 class=\"wp-block-heading has-text-align-center with-empty-cart-icon wc-block-cart__empty-cart__title\">\u00a1Tu carrito est\u00e1 actualmente vac\u00edo!<\/h2>\n\n\n\n<hr class=\"wp-block-separator has-alpha-channel-opacity is-style-dots\"\/>\n\n\n\n<h2 class=\"wp-block-heading has-text-align-center\">Nuevo en la tienda<\/h2>\n\n\n<div data-block-name=\"woocommerce\/product-new\" data-columns=\"4\" data-rows=\"1\" class=\"wc-block-grid wp-block-product-new wc-block-product-new has-4-columns\"><ul class=\"wc-block-grid__products\"><li class=\"wc-block-grid__product\">\n\t\t\t\t<a href=\"http:\/\/jrofutures.com\/formacion\/producto\/modulo-3-riesgo-de-mercado-10-horas-de-python\/\" class=\"wc-block-grid__product-link\">\n\t\t\t\t\t\n\t\t\t\t\t<div class=\"wc-block-grid__product-image\"><img fetchpriority=\"high\" decoding=\"async\" width=\"450\" height=\"450\" src=\"http:\/\/jrofutures.com\/formacion\/wp-content\/uploads\/2024\/03\/foto3-450x450.png\" class=\"attachment-woocommerce_thumbnail size-woocommerce_thumbnail\" alt=\"M\u00f3dulo 3: RIESGO DE MERCADO + 10 HORAS DE PYTHON\" srcset=\"http:\/\/jrofutures.com\/formacion\/wp-content\/uploads\/2024\/03\/foto3-450x450.png 450w, http:\/\/jrofutures.com\/formacion\/wp-content\/uploads\/2024\/03\/foto3-100x100.png 100w, http:\/\/jrofutures.com\/formacion\/wp-content\/uploads\/2024\/03\/foto3-600x600.png 600w, http:\/\/jrofutures.com\/formacion\/wp-content\/uploads\/2024\/03\/foto3-300x300.png 300w, http:\/\/jrofutures.com\/formacion\/wp-content\/uploads\/2024\/03\/foto3-150x150.png 150w, http:\/\/jrofutures.com\/formacion\/wp-content\/uploads\/2024\/03\/foto3-768x768.png 768w, http:\/\/jrofutures.com\/formacion\/wp-content\/uploads\/2024\/03\/foto3.png 1024w\" sizes=\"(max-width: 450px) 100vw, 450px\" \/><\/div>\n\t\t\t\t\t<div class=\"wc-block-grid__product-title\">M\u00f3dulo 3: RIESGO DE MERCADO + 10 HORAS DE PYTHON<\/div>\n\t\t\t\t<\/a>\n\t\t\t\t<div class=\"wc-block-grid__product-price price\"><span class=\"woocommerce-Price-amount amount\"><span class=\"woocommerce-Price-currencySymbol\">&#036;<\/span>1850<\/span><\/div>\n\t\t\t\t\n\t\t\t\t<div class=\"wp-block-button wc-block-grid__product-add-to-cart\"><a href=\"?add-to-cart=164\" aria-label=\"Add to cart: &ldquo;M\u00f3dulo 3: RIESGO DE MERCADO + 10 HORAS DE PYTHON&rdquo;\" data-quantity=\"1\" data-product_id=\"164\" data-product_sku=\"\" data-price=\"1850\" rel=\"nofollow\" class=\"wp-block-button__link  add_to_cart_button ajax_add_to_cart\">COMPRAR<\/a><\/div>\n\t\t\t<\/li><li class=\"wc-block-grid__product\">\n\t\t\t\t<a href=\"http:\/\/jrofutures.com\/formacion\/producto\/modulo-2-riesgo-de-credito-10-horas-de-python\/\" class=\"wc-block-grid__product-link\">\n\t\t\t\t\t\n\t\t\t\t\t<div class=\"wc-block-grid__product-image\"><img decoding=\"async\" width=\"450\" height=\"450\" src=\"http:\/\/jrofutures.com\/formacion\/wp-content\/uploads\/2024\/03\/foto3-450x450.png\" class=\"attachment-woocommerce_thumbnail size-woocommerce_thumbnail\" alt=\"M\u00f3dulo 2: RIESGO DE CR\u00c9DITO + 10 HORAS DE PYTHON\" srcset=\"http:\/\/jrofutures.com\/formacion\/wp-content\/uploads\/2024\/03\/foto3-450x450.png 450w, http:\/\/jrofutures.com\/formacion\/wp-content\/uploads\/2024\/03\/foto3-100x100.png 100w, http:\/\/jrofutures.com\/formacion\/wp-content\/uploads\/2024\/03\/foto3-600x600.png 600w, http:\/\/jrofutures.com\/formacion\/wp-content\/uploads\/2024\/03\/foto3-300x300.png 300w, http:\/\/jrofutures.com\/formacion\/wp-content\/uploads\/2024\/03\/foto3-150x150.png 150w, http:\/\/jrofutures.com\/formacion\/wp-content\/uploads\/2024\/03\/foto3-768x768.png 768w, http:\/\/jrofutures.com\/formacion\/wp-content\/uploads\/2024\/03\/foto3.png 1024w\" sizes=\"(max-width: 450px) 100vw, 450px\" \/><\/div>\n\t\t\t\t\t<div class=\"wc-block-grid__product-title\">M\u00f3dulo 2: RIESGO DE CR\u00c9DITO + 10 HORAS DE PYTHON<\/div>\n\t\t\t\t<\/a>\n\t\t\t\t<div class=\"wc-block-grid__product-price price\"><span class=\"woocommerce-Price-amount amount\"><span class=\"woocommerce-Price-currencySymbol\">&#036;<\/span>1650<\/span><\/div>\n\t\t\t\t\n\t\t\t\t<div class=\"wp-block-button wc-block-grid__product-add-to-cart\"><a href=\"?add-to-cart=163\" aria-label=\"Add to cart: &ldquo;M\u00f3dulo 2: RIESGO DE CR\u00c9DITO + 10 HORAS DE PYTHON&rdquo;\" data-quantity=\"1\" data-product_id=\"163\" data-product_sku=\"\" data-price=\"1650\" rel=\"nofollow\" class=\"wp-block-button__link  add_to_cart_button ajax_add_to_cart\">COMPRAR<\/a><\/div>\n\t\t\t<\/li><li class=\"wc-block-grid__product\">\n\t\t\t\t<a href=\"http:\/\/jrofutures.com\/formacion\/producto\/modulo-1-fundamentos-matematicos-y-estadisticos-10-horas-de-python\/\" class=\"wc-block-grid__product-link\">\n\t\t\t\t\t\n\t\t\t\t\t<div class=\"wc-block-grid__product-image\"><img decoding=\"async\" width=\"450\" height=\"450\" src=\"http:\/\/jrofutures.com\/formacion\/wp-content\/uploads\/2024\/03\/foto3-450x450.png\" class=\"attachment-woocommerce_thumbnail size-woocommerce_thumbnail\" alt=\"M\u00f3dulo 1: FUNDAMENTOS MATEM\u00c1TICOS Y ESTAD\u00cdSTICOS + 10 HORAS DE PYTHON\" srcset=\"http:\/\/jrofutures.com\/formacion\/wp-content\/uploads\/2024\/03\/foto3-450x450.png 450w, http:\/\/jrofutures.com\/formacion\/wp-content\/uploads\/2024\/03\/foto3-100x100.png 100w, http:\/\/jrofutures.com\/formacion\/wp-content\/uploads\/2024\/03\/foto3-600x600.png 600w, http:\/\/jrofutures.com\/formacion\/wp-content\/uploads\/2024\/03\/foto3-300x300.png 300w, http:\/\/jrofutures.com\/formacion\/wp-content\/uploads\/2024\/03\/foto3-150x150.png 150w, http:\/\/jrofutures.com\/formacion\/wp-content\/uploads\/2024\/03\/foto3-768x768.png 768w, http:\/\/jrofutures.com\/formacion\/wp-content\/uploads\/2024\/03\/foto3.png 1024w\" sizes=\"(max-width: 450px) 100vw, 450px\" \/><\/div>\n\t\t\t\t\t<div class=\"wc-block-grid__product-title\">M\u00f3dulo 1: FUNDAMENTOS MATEM\u00c1TICOS Y ESTAD\u00cdSTICOS + 10 HORAS DE PYTHON<\/div>\n\t\t\t\t<\/a>\n\t\t\t\t<div class=\"wc-block-grid__product-price price\"><span class=\"woocommerce-Price-amount amount\"><span class=\"woocommerce-Price-currencySymbol\">&#036;<\/span>1550<\/span><\/div>\n\t\t\t\t\n\t\t\t\t<div class=\"wp-block-button wc-block-grid__product-add-to-cart\"><a href=\"?add-to-cart=162\" aria-label=\"Add to cart: &ldquo;M\u00f3dulo 1: FUNDAMENTOS MATEM\u00c1TICOS Y ESTAD\u00cdSTICOS + 10 HORAS DE PYTHON&rdquo;\" data-quantity=\"1\" data-product_id=\"162\" data-product_sku=\"\" data-price=\"1550\" rel=\"nofollow\" class=\"wp-block-button__link  add_to_cart_button ajax_add_to_cart\">COMPRAR<\/a><\/div>\n\t\t\t<\/li><li class=\"wc-block-grid__product\">\n\t\t\t\t<a href=\"http:\/\/jrofutures.com\/formacion\/producto\/econometria-financiera-y-machine-learning-con-python-10-horas-gratuitas-de-programacion-en-python\/\" class=\"wc-block-grid__product-link\">\n\t\t\t\t\t\n\t\t\t\t\t<div class=\"wc-block-grid__product-image\"><img loading=\"lazy\" decoding=\"async\" width=\"450\" height=\"450\" src=\"http:\/\/jrofutures.com\/formacion\/wp-content\/uploads\/2024\/03\/foto3-450x450.png\" class=\"attachment-woocommerce_thumbnail size-woocommerce_thumbnail\" alt=\"M\u00f3dulo 3: Econometr\u00eda Financiera y Machine Learning con Python + 10 horas gratuitas de programaci\u00f3n en Python\" srcset=\"http:\/\/jrofutures.com\/formacion\/wp-content\/uploads\/2024\/03\/foto3-450x450.png 450w, http:\/\/jrofutures.com\/formacion\/wp-content\/uploads\/2024\/03\/foto3-100x100.png 100w, http:\/\/jrofutures.com\/formacion\/wp-content\/uploads\/2024\/03\/foto3-600x600.png 600w, http:\/\/jrofutures.com\/formacion\/wp-content\/uploads\/2024\/03\/foto3-300x300.png 300w, http:\/\/jrofutures.com\/formacion\/wp-content\/uploads\/2024\/03\/foto3-150x150.png 150w, http:\/\/jrofutures.com\/formacion\/wp-content\/uploads\/2024\/03\/foto3-768x768.png 768w, http:\/\/jrofutures.com\/formacion\/wp-content\/uploads\/2024\/03\/foto3.png 1024w\" sizes=\"(max-width: 450px) 100vw, 450px\" \/><\/div>\n\t\t\t\t\t<div class=\"wc-block-grid__product-title\">M\u00f3dulo 3: Econometr\u00eda Financiera y Machine Learning con Python + 10 horas gratuitas de programaci\u00f3n en Python<\/div>\n\t\t\t\t<\/a>\n\t\t\t\t<div class=\"wc-block-grid__product-price price\"><span class=\"woocommerce-Price-amount amount\"><span class=\"woocommerce-Price-currencySymbol\">&#036;<\/span>1950<\/span><\/div>\n\t\t\t\t\n\t\t\t\t<div class=\"wp-block-button wc-block-grid__product-add-to-cart\"><a href=\"?add-to-cart=71\" aria-label=\"Add to cart: &ldquo;M\u00f3dulo 3: Econometr\u00eda Financiera y Machine Learning con Python + 10 horas gratuitas de programaci\u00f3n en Python&rdquo;\" data-quantity=\"1\" data-product_id=\"71\" data-product_sku=\"\" data-price=\"1950\" rel=\"nofollow\" class=\"wp-block-button__link  add_to_cart_button ajax_add_to_cart\">COMPRAR<\/a><\/div>\n\t\t\t<\/li><\/ul><\/div><\/div><\/div>","protected":false},"excerpt":{"rendered":"","protected":false},"author":1,"featured_media":0,"parent":0,"menu_order":0,"comment_status":"closed","ping_status":"closed","template":"","meta":{"footnotes":""},"class_list":["post-37","page","type-page","status-publish","hentry"],"_links":{"self":[{"href":"http:\/\/jrofutures.com\/formacion\/wp-json\/wp\/v2\/pages\/37","targetHints":{"allow":["GET"]}}],"collection":[{"href":"http:\/\/jrofutures.com\/formacion\/wp-json\/wp\/v2\/pages"}],"about":[{"href":"http:\/\/jrofutures.com\/formacion\/wp-json\/wp\/v2\/types\/page"}],"author":[{"embeddable":true,"href":"http:\/\/jrofutures.com\/formacion\/wp-json\/wp\/v2\/users\/1"}],"replies":[{"embeddable":true,"href":"http:\/\/jrofutures.com\/formacion\/wp-json\/wp\/v2\/comments?post=37"}],"version-history":[{"count":8,"href":"http:\/\/jrofutures.com\/formacion\/wp-json\/wp\/v2\/pages\/37\/revisions"}],"predecessor-version":[{"id":336,"href":"http:\/\/jrofutures.com\/formacion\/wp-json\/wp\/v2\/pages\/37\/revisions\/336"}],"wp:attachment":[{"href":"http:\/\/jrofutures.com\/formacion\/wp-json\/wp\/v2\/media?parent=37"}],"curies":[{"name":"wp","href":"https:\/\/api.w.org\/{rel}","templated":true}]}}