{"id":69,"date":"2024-03-11T16:47:40","date_gmt":"2024-03-11T16:47:40","guid":{"rendered":"https:\/\/jrofutures.com\/formacion\/?post_type=product&#038;p=69"},"modified":"2024-04-02T14:52:30","modified_gmt":"2024-04-02T14:52:30","slug":"introduccion-a-los-mercado-de-capitales-estadistica-y-probabilidad","status":"publish","type":"product","link":"http:\/\/jrofutures.com\/formacion\/producto\/introduccion-a-los-mercado-de-capitales-estadistica-y-probabilidad\/","title":{"rendered":"M\u00f3dulo 1: Introducci\u00f3n a los Mercado de Capitales, Estad\u00edstica y Probabilidad"},"content":{"rendered":"","protected":false},"excerpt":{"rendered":"<div class=\"page\" title=\"Page 4\">\n<div class=\"section\">\n<div class=\"layoutArea\">\n<div class=\"column\">\n<div class=\"page\" title=\"Page 4\">\n<div class=\"section\">\n<div class=\"layoutArea\">\n<div class=\"column\">\n<p><strong><span style=\"color: #2687b6;\">Usted se encuentra en el PROGRAMA MODULAR EN ECONOMETR\u00cdA FINANCIERA APLICADA<\/span><\/strong><\/p>\n<p><strong>Fechas:<\/strong> 24 de mayo al 12 de julio de 2024.<\/p>\n<p><strong>Duracio\u0301n:<\/strong> 45 horas.<\/p>\n<p><strong>Horarios:<\/strong> Viernes de 18 a 21 horas (EST) y Sa\u0301bados de 9 a 12 horas (EST). (15 horas Mercados de Capitales y 30 horas Estadi\u0301stica y Probabilidad).<\/p>\n<p><strong>Formato:<\/strong> Las clases sera\u0301n por Zoom.<\/p>\n<p><strong>Precio:<\/strong> $1100 USD.<\/p>\n<p><strong>Descuentos:<\/strong> Se aplicara\u0301 un descuento del precio del mo\u0301dulo para que el participante al curso pueda adquirir una licencia Stata estudiantil por 6 meses.<\/p>\n<p><strong>Documentacio\u0301n:<\/strong> Se entregara\u0301 la documentacio\u0301n en PDF a seguir en el curso, la Data, Do- Files, presentaciones en PPT con las explicaciones del Profesor.<\/p>\n<p><strong>Tele\u0301fono de informacio\u0301n:<\/strong> +(506) 25055460<\/p>\n<p><strong>Email informacio\u0301n adicional:<\/strong> <a href=\"https:\/\/www.jrofutures.com\/es\/contact.html\" target=\"_blank\" rel=\"noopener\">comunicaciones@jrofutures.com<\/a><\/p>\n<\/div>\n<\/div>\n<\/div>\n<\/div>\n<\/div>\n<\/div>\n<\/div>\n<\/div>\n","protected":false},"featured_media":7,"template":"","meta":[],"product_cat":[24],"product_tag":[],"class_list":{"0":"post-69","1":"product","2":"type-product","3":"status-publish","4":"has-post-thumbnail","6":"product_cat-econometria-financiera-aplicada","8":"first","9":"instock","10":"sold-individually","11":"purchasable","12":"product-type-simple"},"_links":{"self":[{"href":"http:\/\/jrofutures.com\/formacion\/wp-json\/wp\/v2\/product\/69","targetHints":{"allow":["GET"]}}],"collection":[{"href":"http:\/\/jrofutures.com\/formacion\/wp-json\/wp\/v2\/product"}],"about":[{"href":"http:\/\/jrofutures.com\/formacion\/wp-json\/wp\/v2\/types\/product"}],"wp:featuredmedia":[{"embeddable":true,"href":"http:\/\/jrofutures.com\/formacion\/wp-json\/wp\/v2\/media\/7"}],"wp:attachment":[{"href":"http:\/\/jrofutures.com\/formacion\/wp-json\/wp\/v2\/media?parent=69"}],"wp:term":[{"taxonomy":"product_cat","embeddable":true,"href":"http:\/\/jrofutures.com\/formacion\/wp-json\/wp\/v2\/product_cat?post=69"},{"taxonomy":"product_tag","embeddable":true,"href":"http:\/\/jrofutures.com\/formacion\/wp-json\/wp\/v2\/product_tag?post=69"}],"curies":[{"name":"wp","href":"https:\/\/api.w.org\/{rel}","templated":true}]}}