{"id":71,"date":"2024-03-11T16:50:37","date_gmt":"2024-03-11T16:50:37","guid":{"rendered":"https:\/\/jrofutures.com\/formacion\/?post_type=product&#038;p=71"},"modified":"2024-04-02T14:54:37","modified_gmt":"2024-04-02T14:54:37","slug":"econometria-financiera-y-machine-learning-con-python-10-horas-gratuitas-de-programacion-en-python","status":"publish","type":"product","link":"http:\/\/jrofutures.com\/formacion\/producto\/econometria-financiera-y-machine-learning-con-python-10-horas-gratuitas-de-programacion-en-python\/","title":{"rendered":"M\u00f3dulo 3: Econometr\u00eda Financiera y Machine Learning con Python + 10 horas gratuitas de programaci\u00f3n en Python"},"content":{"rendered":"","protected":false},"excerpt":{"rendered":"<div class=\"page\" title=\"Page 8\">\n<div class=\"section\">\n<div class=\"layoutArea\">\n<div class=\"column\">\n<div class=\"page\" title=\"Page 8\">\n<div class=\"section\">\n<div class=\"layoutArea\">\n<div class=\"column\">\n<p><strong><span style=\"color: #2687b6;\">Usted se encuentra en el PROGRAMA MODULAR EN ECONOMETR\u00cdA FINANCIERA APLICADA<\/span><\/strong><\/p>\n<p><strong>Fechas:<\/strong> 24 de mayo al 26 de julio de 2024.<\/p>\n<p><strong>Duracio\u0301n:<\/strong> 45 horas + 12 horas de programacio\u0301n Python gratuitas.<\/p>\n<p><strong>Horarios:<\/strong> Viernes de 18 a 21 horas (EST) y Sa\u0301bados de 9 a 12 horas (EST).<\/p>\n<p><strong>Formato:<\/strong> Las clases sera\u0301n por Zoom.<\/p>\n<p><strong>Precio:<\/strong> $1950 USD.<\/p>\n<p><strong>Documentacio\u0301n:<\/strong> Se entregara\u0301 la documentacio\u0301n en PDF a seguir en el curso, co\u0301digo Python, casos, co\u0301digo Machine Learning, APIs en Python de conexio\u0301n a los mercados financieros, presentaciones en PPT con las explicaciones del Profesor.<\/p>\n<p><strong>Tele\u0301fono de informacio\u0301n:<\/strong> +(506) 25055460<\/p>\n<p><strong>Email informacio\u0301n adicional:<\/strong> <a href=\"https:\/\/www.jrofutures.com\/es\/contact.html\" target=\"_blank\" rel=\"noopener\">comunicaciones@jrofutures.com<\/a><\/p>\n<\/div>\n<\/div>\n<\/div>\n<\/div>\n<\/div>\n<\/div>\n<\/div>\n<\/div>\n","protected":false},"featured_media":7,"template":"","meta":[],"product_cat":[24],"product_tag":[],"class_list":{"0":"post-71","1":"product","2":"type-product","3":"status-publish","4":"has-post-thumbnail","6":"product_cat-econometria-financiera-aplicada","8":"first","9":"instock","10":"sold-individually","11":"purchasable","12":"product-type-simple"},"_links":{"self":[{"href":"http:\/\/jrofutures.com\/formacion\/wp-json\/wp\/v2\/product\/71","targetHints":{"allow":["GET"]}}],"collection":[{"href":"http:\/\/jrofutures.com\/formacion\/wp-json\/wp\/v2\/product"}],"about":[{"href":"http:\/\/jrofutures.com\/formacion\/wp-json\/wp\/v2\/types\/product"}],"wp:featuredmedia":[{"embeddable":true,"href":"http:\/\/jrofutures.com\/formacion\/wp-json\/wp\/v2\/media\/7"}],"wp:attachment":[{"href":"http:\/\/jrofutures.com\/formacion\/wp-json\/wp\/v2\/media?parent=71"}],"wp:term":[{"taxonomy":"product_cat","embeddable":true,"href":"http:\/\/jrofutures.com\/formacion\/wp-json\/wp\/v2\/product_cat?post=71"},{"taxonomy":"product_tag","embeddable":true,"href":"http:\/\/jrofutures.com\/formacion\/wp-json\/wp\/v2\/product_tag?post=71"}],"curies":[{"name":"wp","href":"https:\/\/api.w.org\/{rel}","templated":true}]}}